{"id":7262,"date":"2023-02-25T08:17:03","date_gmt":"2023-02-25T07:17:03","guid":{"rendered":"https:\/\/www.tabhotel.com\/?page_id=7262"},"modified":"2023-02-25T08:19:50","modified_gmt":"2023-02-25T07:19:50","slug":"mentions-legales","status":"publish","type":"page","link":"https:\/\/www.tabhotel.com\/en\/mentions-legales\/","title":{"rendered":"Legal notice"},"content":{"rendered":"<p><div class=\"fusion-fullwidth fullwidth-box fusion-builder-row-1 fusion-flex-container nonhundred-percent-fullwidth non-hundred-percent-height-scrolling fusion-animated\" style=\"background-color: #f2f4f3;background-position: center center;background-repeat: no-repeat;border-width: 0px 0px 0px 0px;border-color:#e2e2e2;border-style:solid;\" data-animationtype=\"fadeInDown\" data-animationduration=\"0.5\" data-animationoffset=\"100%\" ><div class=\"fusion-builder-row fusion-row fusion-flex-align-items-center\" style=\"max-width:1248px;margin-left: calc(-4% \/ 2 );margin-right: calc(-4% \/ 2 );\"><div class=\"fusion-layout-column fusion_builder_column fusion-builder-column-0 fusion_builder_column_1_1 1_1 fusion-flex-column\"><div class=\"fusion-column-wrapper fusion-flex-justify-content-flex-start fusion-content-layout-column\" style=\"background-position:left top;background-repeat:no-repeat;-webkit-background-size:cover;-moz-background-size:cover;-o-background-size:cover;background-size:cover;padding: 0px 0px 0px 0px;\"><style type=\"text\/css\">@media only screen and (max-width:1024px) {.fusion-title.fusion-title-1{margin-top:10px!important;margin-bottom:15px!important;}}@media only screen and (max-width:640px) {.fusion-title.fusion-title-1{margin-top:10px!important;margin-bottom:10px!important;}}<\/style><div class=\"fusion-title title fusion-title-1 fusion-sep-none fusion-title-center fusion-title-text fusion-title-size-one\" style=\"margin-top:10px;margin-bottom:15px;\"><h1 class=\"title-heading-center\" style=\"margin:0;\">Legal notice<\/h1><\/div><\/div><\/div><style type=\"text\/css\">.fusion-body .fusion-builder-column-0{width:100% !important;margin-top : 0px;margin-bottom : 20px;}.fusion-builder-column-0 > .fusion-column-wrapper {padding-top : 0px !important;padding-right : 0px !important;margin-right : 1.92%;padding-bottom : 0px !important;padding-left : 0px !important;margin-left : 1.92%;}@media only screen and (max-width:1024px) {.fusion-body .fusion-builder-column-0{width:100% !important;order : 0;}.fusion-builder-column-0 > .fusion-column-wrapper {margin-right : 1.92%;margin-left : 1.92%;}}@media only screen and (max-width:640px) {.fusion-body .fusion-builder-column-0{width:100% !important;order : 0;}.fusion-builder-column-0 > .fusion-column-wrapper {margin-right : 1.92%;margin-left : 1.92%;}}<\/style><\/div><style type=\"text\/css\">.fusion-body .fusion-flex-container.fusion-builder-row-1{ padding-top : 30px;margin-top : 0px;padding-right : 0px;padding-bottom : 30px;margin-bottom : 0px;padding-left : 0px;}<\/style><\/div><div class=\"fusion-fullwidth fullwidth-box fusion-builder-row-2 fusion-flex-container nonhundred-percent-fullwidth non-hundred-percent-height-scrolling\" style=\"background-color: rgba(255,255,255,0);background-position: center center;background-repeat: no-repeat;border-width: 0px 0px 0px 0px;border-color:#e2e2e2;border-style:solid;\" ><div class=\"fusion-builder-row fusion-row fusion-flex-align-items-flex-start\" style=\"max-width:1248px;margin-left: calc(-4% \/ 2 );margin-right: calc(-4% \/ 2 );\"><div class=\"fusion-layout-column fusion_builder_column fusion-builder-column-1 fusion_builder_column_1_1 1_1 fusion-flex-column\"><div class=\"fusion-column-wrapper fusion-flex-justify-content-flex-start fusion-content-layout-column\" style=\"background-position:left top;background-repeat:no-repeat;-webkit-background-size:cover;-moz-background-size:cover;-o-background-size:cover;background-size:cover;padding: 0px 0px 0px 0px;\"><style type=\"text\/css\">@media only screen and (max-width:1024px) {.fusion-title.fusion-title-2{margin-top:10px!important;margin-bottom:15px!important;}}@media only screen and (max-width:640px) {.fusion-title.fusion-title-2{margin-top:10px!important;margin-bottom:10px!important;}}<\/style><div class=\"fusion-title title fusion-title-2 fusion-sep-none fusion-title-text fusion-title-size-four\" style=\"margin-top:10px;margin-bottom:15px;\"><h4 class=\"title-heading-left\" style=\"margin:0;\">Website owner<\/h4><\/div><div class=\"fusion-text fusion-text-1\" style=\"text-align:left;color:#000000;transform:translate3d(0,0,0);\"><p>The website https:\/\/tabhotel.com\/ is the exclusive property of TABHOTEL.<\/p>\n<p>TABHOTEL address : 92 Rue Louis Rouquier, 92300, LEVALLOIS PERRET, FRANCE<br \/>\nThe company was registered on the 16th of February 2015 at the Commercial Court of Paris. SIRET Registered number: 798 149 142.<br \/>\nSAS (simplified limited liability company) with a share capital of \u20ac 44 445,00..<\/p>\n<p>Chief Executive Officer (CEO): Mr Fabrice GOUSSIN.<\/p>\n<\/div><style type=\"text\/css\">@media only screen and (max-width:1024px) {.fusion-title.fusion-title-3{margin-top:10px!important;margin-bottom:15px!important;}}@media only screen and (max-width:640px) {.fusion-title.fusion-title-3{margin-top:10px!important;margin-bottom:10px!important;}}<\/style><div class=\"fusion-title title fusion-title-3 fusion-sep-none fusion-title-text fusion-title-size-four\" style=\"margin-top:10px;margin-bottom:15px;\"><h4 class=\"title-heading-left\" style=\"margin:0;\">Host<\/h4><\/div><div class=\"fusion-text fusion-text-2\" style=\"text-align:left;color:#000000;transform:translate3d(0,0,0);\"><p>Hosting service: OVH, SAS with a share capital of \u20ac 10 059 500.<br \/>\nHeadquarters: 2 rue Kellermann, 59100 Roubaix FRANCE,<br \/>\nSIRET Registered number: 424 761 419 00045 RCS Lille M\u00e9tropole.<\/p>\n<\/div><style type=\"text\/css\">@media only screen and (max-width:1024px) {.fusion-title.fusion-title-4{margin-top:10px!important;margin-bottom:15px!important;}}@media only screen and (max-width:640px) {.fusion-title.fusion-title-4{margin-top:10px!important;margin-bottom:10px!important;}}<\/style><div class=\"fusion-title title fusion-title-4 fusion-sep-none fusion-title-text fusion-title-size-four\" style=\"margin-top:10px;margin-bottom:15px;\"><h4 class=\"title-heading-left\" style=\"margin:0;\">Development<\/h4><\/div><div class=\"fusion-text fusion-text-3\" style=\"text-align:left;color:#000000;transform:translate3d(0,0,0);\"><p>Tabhotel SAS<br \/>\n92 Rue Louis Rouquier<br \/>\n92300 LEVALLOIS PERRET.<br \/>\n<a href=\"https:\/\/www.tabhotel.com\/en\/\">https:\/\/tabhotel.com\/<\/a><\/p>\n<\/div><style type=\"text\/css\">@media only screen and (max-width:1024px) {.fusion-title.fusion-title-5{margin-top:10px!important;margin-bottom:15px!important;}}@media only screen and (max-width:640px) {.fusion-title.fusion-title-5{margin-top:10px!important;margin-bottom:10px!important;}}<\/style><div class=\"fusion-title title fusion-title-5 fusion-sep-none fusion-title-text fusion-title-size-four\" style=\"margin-top:10px;margin-bottom:15px;\"><h4 class=\"title-heading-left\" style=\"margin:0;\">Property - Right of use<\/h4><\/div><div class=\"fusion-text fusion-text-4\" style=\"text-align:left;color:#000000;transform:translate3d(0,0,0);\"><p>The website structure and all content, pictures, sounds, documents and all other website material that you can find on this website\nare subjected to the legislation in force on the royalty and remains the exclusive property of TABHOTEL. Reproduction and\ndistribution of all or parts of the contents is forbidden unless written consent is first obtained from TABHOTEL.<\/p>\n<p>The trademarks and logo featured on this website belongs to their exclusive owners. Any reproduction or representation, whether\npartial or total, of these trademarks and logos, by any means, is prohibited without the prior explicit written consent of the owners.<\/p>\n<p>For rights of reproduction or representation, request must be made to TABHOTEL through the contact form tabhotel.com\/contact\/<br \/>\nWith few exceptions, reproductions for commercial or advertising purposes will not be authorized.<\/p>\n<\/div><style type=\"text\/css\">@media only screen and (max-width:1024px) {.fusion-title.fusion-title-6{margin-top:10px!important;margin-bottom:15px!important;}}@media only screen and (max-width:640px) {.fusion-title.fusion-title-6{margin-top:10px!important;margin-bottom:10px!important;}}<\/style><div class=\"fusion-title title fusion-title-6 fusion-sep-none fusion-title-text fusion-title-size-four\" style=\"margin-top:10px;margin-bottom:15px;\"><h4 class=\"title-heading-left\" style=\"margin:0;\">Hyperlinks<\/h4><\/div><div class=\"fusion-text fusion-text-5\" style=\"text-align:left;color:#000000;transform:translate3d(0,0,0);\"><p>TABHOTEL authorizes the use of hypertext links pointing to its website on condition that:<\/p>\n<p>- The link to TABHOTEL website opens a new window, indicating that a link has been created to an external Internet site.<br \/>\n&#8211; que la balise \u00ab title \u00bb du lien mentionne tabhotel.com\/ et que la mention de la source soit indiqu\u00e9e clairement sur le lien ou \u00e0 proximit\u00e9 de celui-ci.<br \/>\n- The link is not used for commercial or advertising purposes.<\/p>\n<p>Toute reproduction d\u2019un des \u00e9l\u00e9ments du site \u00e0 l\u2019int\u00e9rieur d\u2019un site tiers par des proc\u00e9d\u00e9s d\u2019inclusion, de cadres, d\u2019inlining ou de tout autre proc\u00e9d\u00e9 de nature similaire est formellement interdite.<\/p>\n<p>Cette autorisation ne s\u2019applique pas aux sites internet diffusant des informations \u00e0 caract\u00e8re violent, pornographique, x\u00e9nophobe ou pouvant, dans une plus large mesure, porter atteinte \u00e0 la sensibilit\u00e9 du plus grand nombre.<\/p>\n<\/div><\/div><\/div><style type=\"text\/css\">.fusion-body .fusion-builder-column-1{width:100% !important;margin-top : 0px;margin-bottom : 20px;}.fusion-builder-column-1 > .fusion-column-wrapper {padding-top : 0px !important;padding-right : 0px !important;margin-right : 1.92%;padding-bottom : 0px !important;padding-left : 0px !important;margin-left : 1.92%;}@media only screen and (max-width:1024px) {.fusion-body .fusion-builder-column-1{width:100% !important;order : 0;}.fusion-builder-column-1 > .fusion-column-wrapper {margin-right : 1.92%;margin-left : 1.92%;}}@media only screen and (max-width:640px) {.fusion-body .fusion-builder-column-1{width:100% !important;order : 0;}.fusion-builder-column-1 > .fusion-column-wrapper {margin-right : 1.92%;margin-left : 1.92%;}}<\/style><\/div><style type=\"text\/css\">.fusion-body .fusion-flex-container.fusion-builder-row-2{ padding-top : 30px;margin-top : 0px;padding-right : 0px;padding-bottom : 30px;margin-bottom : 0px;padding-left : 0px;}<\/style><\/div><div class=\"fusion-fullwidth fullwidth-box fusion-builder-row-3 fusion-flex-container nonhundred-percent-fullwidth non-hundred-percent-height-scrolling\" style=\"background-color: rgba(255,255,255,0);background-position: center center;background-repeat: no-repeat;border-width: 0px 0px 0px 0px;border-color:#e2e2e2;border-style:solid;\" ><div class=\"fusion-builder-row fusion-row fusion-flex-align-items-flex-start\" style=\"max-width:1248px;margin-left: calc(-4% \/ 2 );margin-right: calc(-4% \/ 2 );\"><div class=\"fusion-layout-column fusion_builder_column fusion-builder-column-2 fusion_builder_column_1_1 1_1 fusion-flex-column\"><div class=\"fusion-column-wrapper fusion-flex-justify-content-flex-start fusion-content-layout-column\" style=\"background-position:left top;background-repeat:no-repeat;-webkit-background-size:cover;-moz-background-size:cover;-o-background-size:cover;background-size:cover;padding: 0px 0px 0px 0px;\"><\/div><\/div><style type=\"text\/css\">.fusion-body .fusion-builder-column-2{width:100% !important;margin-top : 0px;margin-bottom : 20px;}.fusion-builder-column-2 > .fusion-column-wrapper {padding-top : 0px !important;padding-right : 0px !important;margin-right : 1.92%;padding-bottom : 0px !important;padding-left : 0px !important;margin-left : 1.92%;}@media only screen and (max-width:1024px) {.fusion-body .fusion-builder-column-2{width:100% !important;order : 0;}.fusion-builder-column-2 > .fusion-column-wrapper {margin-right : 1.92%;margin-left : 1.92%;}}@media only screen and (max-width:640px) {.fusion-body .fusion-builder-column-2{width:100% !important;order : 0;}.fusion-builder-column-2 > .fusion-column-wrapper {margin-right : 1.92%;margin-left : 1.92%;}}<\/style><\/div><style type=\"text\/css\">.fusion-body .fusion-flex-container.fusion-builder-row-3{ padding-top : 30px;margin-top : 0px;padding-right : 0px;padding-bottom : 30px;margin-bottom : 0px;padding-left : 0px;}<\/style><\/div><\/p>","protected":false},"excerpt":{"rendered":"","protected":false},"author":1,"featured_media":0,"parent":0,"menu_order":0,"comment_status":"closed","ping_status":"closed","template":"","meta":{"content-type":""},"yoast_head":"<!-- This site is optimized with the Yoast SEO plugin v16.2 - https:\/\/yoast.com\/wordpress\/plugins\/seo\/ -->\n<title>Mentions L\u00e9gales | TABHOTEL - Check-in with Love !<\/title>\n<meta name=\"description\" content=\"D\u00e9couvrez les mentions l\u00e9gales et les informations juridiques relatives \u00e0 Tabhotel. Consultez notre page de mentions l\u00e9gales.\" \/>\n<meta name=\"robots\" content=\"index, follow, max-snippet:-1, max-image-preview:large, max-video-preview:-1\" \/>\n<link rel=\"canonical\" href=\"https:\/\/www.tabhotel.com\/en\/mentions-legales\/\" \/>\n<meta property=\"og:locale\" content=\"en_US\" \/>\n<meta property=\"og:type\" content=\"article\" \/>\n<meta property=\"og:title\" content=\"Mentions L\u00e9gales | TABHOTEL - Check-in with Love !\" \/>\n<meta property=\"og:description\" content=\"D\u00e9couvrez les mentions l\u00e9gales et les informations juridiques relatives \u00e0 Tabhotel. Consultez notre page de mentions l\u00e9gales.\" \/>\n<meta property=\"og:url\" content=\"https:\/\/www.tabhotel.com\/en\/mentions-legales\/\" \/>\n<meta property=\"og:site_name\" content=\"TABHOTEL - Check-in with Love !\" \/>\n<meta property=\"article:modified_time\" content=\"2023-02-25T07:19:50+00:00\" \/>\n<meta name=\"twitter:card\" content=\"summary_large_image\" \/>\n<meta name=\"twitter:label1\" content=\"Est. reading time\">\n\t<meta name=\"twitter:data1\" content=\"16 minutes\">\n<script type=\"application\/ld+json\" class=\"yoast-schema-graph\">{\"@context\":\"https:\/\/schema.org\",\"@graph\":[{\"@type\":\"Organization\",\"@id\":\"https:\/\/www.tabhotel.com\/#organization\",\"name\":\"Tabhotel\",\"url\":\"https:\/\/www.tabhotel.com\/\",\"sameAs\":[\"https:\/\/www.linkedin.com\/company\/tabhotel\",\"https:\/\/www.youtube.com\/channel\/UCAC9lA18rFzlKNdscGsF6rw\/featured\"],\"logo\":{\"@type\":\"ImageObject\",\"@id\":\"https:\/\/www.tabhotel.com\/#logo\",\"inLanguage\":\"en-AU\",\"url\":\"https:\/\/www.tabhotel.com\/wp-content\/uploads\/2021\/04\/logo-tabhotel-hotusa-e1618573580539.png\",\"contentUrl\":\"https:\/\/www.tabhotel.com\/wp-content\/uploads\/2021\/04\/logo-tabhotel-hotusa-e1618573580539.png\",\"width\":200,\"height\":40,\"caption\":\"Tabhotel\"},\"image\":{\"@id\":\"https:\/\/www.tabhotel.com\/#logo\"}},{\"@type\":\"WebSite\",\"@id\":\"https:\/\/www.tabhotel.com\/#website\",\"url\":\"https:\/\/www.tabhotel.com\/\",\"name\":\"TABHOTEL - Check-in on mobile, kiosk, staff tablet and more.\",\"description\":\"Solutions de check-in pour l&#039;h\\u00f4tellerie et la sant\\u00e9\",\"publisher\":{\"@id\":\"https:\/\/www.tabhotel.com\/#organization\"},\"potentialAction\":[{\"@type\":\"SearchAction\",\"target\":\"https:\/\/www.tabhotel.com\/?s={search_term_string}\",\"query-input\":\"required name=search_term_string\"}],\"inLanguage\":\"en-AU\"},{\"@type\":\"WebPage\",\"@id\":\"https:\/\/www.tabhotel.com\/mentions-legales\/#webpage\",\"url\":\"https:\/\/www.tabhotel.com\/mentions-legales\/\",\"name\":\"Mentions L\\u00e9gales | TABHOTEL - Check-in with Love !\",\"isPartOf\":{\"@id\":\"https:\/\/www.tabhotel.com\/#website\"},\"datePublished\":\"2023-02-25T07:17:03+00:00\",\"dateModified\":\"2023-02-25T07:19:50+00:00\",\"description\":\"D\\u00e9couvrez les mentions l\\u00e9gales et les informations juridiques relatives \\u00e0 Tabhotel. Consultez notre page de mentions l\\u00e9gales.\",\"breadcrumb\":{\"@id\":\"https:\/\/www.tabhotel.com\/mentions-legales\/#breadcrumb\"},\"inLanguage\":\"en-AU\",\"potentialAction\":[{\"@type\":\"ReadAction\",\"target\":[\"https:\/\/www.tabhotel.com\/mentions-legales\/\"]}]},{\"@type\":\"BreadcrumbList\",\"@id\":\"https:\/\/www.tabhotel.com\/mentions-legales\/#breadcrumb\",\"itemListElement\":[{\"@type\":\"ListItem\",\"position\":1,\"item\":{\"@type\":\"WebPage\",\"@id\":\"https:\/\/www.tabhotel.com\/\",\"url\":\"https:\/\/www.tabhotel.com\/\",\"name\":\"Accueil\"}},{\"@type\":\"ListItem\",\"position\":2,\"item\":{\"@id\":\"https:\/\/www.tabhotel.com\/mentions-legales\/#webpage\"}}]}]}<\/script>\n<!-- \/ Yoast SEO plugin. -->","_links":{"self":[{"href":"https:\/\/www.tabhotel.com\/en\/wp-json\/wp\/v2\/pages\/7262"}],"collection":[{"href":"https:\/\/www.tabhotel.com\/en\/wp-json\/wp\/v2\/pages"}],"about":[{"href":"https:\/\/www.tabhotel.com\/en\/wp-json\/wp\/v2\/types\/page"}],"author":[{"embeddable":true,"href":"https:\/\/www.tabhotel.com\/en\/wp-json\/wp\/v2\/users\/1"}],"replies":[{"embeddable":true,"href":"https:\/\/www.tabhotel.com\/en\/wp-json\/wp\/v2\/comments?post=7262"}],"version-history":[{"count":2,"href":"https:\/\/www.tabhotel.com\/en\/wp-json\/wp\/v2\/pages\/7262\/revisions"}],"predecessor-version":[{"id":7264,"href":"https:\/\/www.tabhotel.com\/en\/wp-json\/wp\/v2\/pages\/7262\/revisions\/7264"}],"wp:attachment":[{"href":"https:\/\/www.tabhotel.com\/en\/wp-json\/wp\/v2\/media?parent=7262"}],"curies":[{"name":"wp","href":"https:\/\/api.w.org\/{rel}","templated":true}]}}